{"id":7431,"date":"2017-09-02T16:00:56","date_gmt":"2017-09-02T16:00:56","guid":{"rendered":"http:\/\/two.classic.themerella.com\/?page_id=7431"},"modified":"2018-01-16T21:50:29","modified_gmt":"2018-01-16T19:50:29","slug":"blog","status":"publish","type":"page","link":"https:\/\/ky-translations.de\/en\/blog\/","title":{"rendered":"Blog"},"content":{"rendered":"<p>[vc_row][vc_column]<div class=\"blog-posts grid\"><div class=\"row\"><div class=\"col-md-6\"><article id=\"post-7895\" class=\"blog-post post-grid post-7895 post type-post status-publish format-standard has-post-thumbnail hentry category-uncategorized\" data-mh=\"blog-grid\"><figure class=\"post-image hmedia\">\n    <a class=\"entry-link\" href=\"https:\/\/ky-translations.de\/en\/fachsprache-recht-terminologie-online-recherche\/\"><\/a><figure><img width=\"690\" height=\"460\" src=\"https:\/\/ky-translations.de\/wp-343de-content\/uploads\/2017\/10\/Depositphotos_3529680_l-2015--690x460.jpg\" class=\"attachment-rella-default-blog size-rella-default-blog\" alt=\"Fachsprache Recht Terminologie Online-Recherche\" data-rjs=\"https:\/\/ky-translations.de\/wp-343de-content\/uploads\/2017\/10\/Depositphotos_3529680_l-2015--1380x920.jpg\" \/><\/figure>\t<\/figure>\n<div class=\"post-contents\">\n\n    <header>\n\n\t\t<h2 class=\"entry-title\"><a href=\"https:\/\/ky-translations.de\/en\/fachsprache-recht-terminologie-online-recherche\/\" rel=\"bookmark\">Fachsprache Recht Terminologie Online-Recherche<\/a><\/h2>\n        <div class=\"post-info\">\n\t\t<span><time class=\"published updated\" datetime=\"2017-10-17T11:07:02+02:00\">Oct 17<\/time><\/span><span class=\"author vcard\"><span class=\"screen-reader-text\">Author <\/span><a class=\"url fn n\" href=\"https:\/\/ky-translations.de\/en\/author\/wftuser\/\">Kristina Yakovleva<\/a><\/span>        <\/div>\n\n    <\/header>\n\n\t\t\t\t<div class=\"entry-summary\">\n\t\t\t\t<p>[vc_row][vc_column][vc_column_text] Fachsprache Recht Terminologie Online-Recherche Scio mi nihil scire Dura lex sed lex Die \u00dcbersetzer und Dolmetscher, die sich entschieden<\/p>\n\t\t\t<\/div>\n\t\t\n<\/div>\n<\/article><\/div><div class=\"col-md-6\"><article id=\"post-7892\" class=\"blog-post post-grid post-7892 post type-post status-publish format-standard has-post-thumbnail hentry category-uncategorized\" data-mh=\"blog-grid\"><figure class=\"post-image hmedia\">\n    <a class=\"entry-link\" href=\"https:\/\/ky-translations.de\/en\/dolmetscher-die-unterrichten\/\"><\/a><figure><img width=\"690\" height=\"460\" src=\"https:\/\/ky-translations.de\/wp-343de-content\/uploads\/2017\/10\/Depositphotos_69024335_l-2015-690x460.jpg\" class=\"attachment-rella-default-blog size-rella-default-blog\" alt=\"Dolmetscher, die unterrichten\" data-rjs=\"https:\/\/ky-translations.de\/wp-343de-content\/uploads\/2017\/10\/Depositphotos_69024335_l-2015-1380x920.jpg\" \/><\/figure>\t<\/figure>\n<div class=\"post-contents\">\n\n    <header>\n\n\t\t<h2 class=\"entry-title\"><a href=\"https:\/\/ky-translations.de\/en\/dolmetscher-die-unterrichten\/\" rel=\"bookmark\">Dolmetscher, die unterrichten<\/a><\/h2>\n        <div class=\"post-info\">\n\t\t<span><time class=\"published updated\" datetime=\"2017-10-17T11:03:29+02:00\">Oct 17<\/time><\/span><span class=\"author vcard\"><span class=\"screen-reader-text\">Author <\/span><a class=\"url fn n\" href=\"https:\/\/ky-translations.de\/en\/author\/wftuser\/\">Kristina Yakovleva<\/a><\/span>        <\/div>\n\n    <\/header>\n\n\t\t\t\t<div class=\"entry-summary\">\n\t\t\t\t<p>[vc_row][vc_column][vc_column_text]Gesch\u00e4ftsfeld Sprachkurse Dolmetscher, die unterrichten Als freiberuflicher Dolmetscher oder \u00dcbersetzer besch\u00e4ftigt man sich nie nur ausschlie\u00dflich mit Dolmetschen oder \u00dcbersetzen.<\/p>\n\t\t\t<\/div>\n\t\t\n<\/div>\n<\/article><\/div><\/div><\/div>[\/vc_column][\/vc_row]<\/p>\n","protected":false},"excerpt":{"rendered":"<p>[vc_row][vc_column][\/vc_column][\/vc_row]<\/p>\n","protected":false},"author":1,"featured_media":0,"parent":0,"menu_order":0,"comment_status":"closed","ping_status":"closed","template":"","meta":{"inline_featured_image":false},"yoast_head":"<!-- This site is optimized with the Yoast SEO plugin v19.12 - https:\/\/yoast.com\/wordpress\/plugins\/seo\/ -->\n<title>Blog - Kristina Yakovleva<\/title>\n<meta name=\"robots\" content=\"index, follow, max-snippet:-1, max-image-preview:large, max-video-preview:-1\" \/>\n<link rel=\"canonical\" href=\"http:\/\/ky-translations.de\/en\/blog\/\" \/>\n<meta property=\"og:locale\" content=\"en_US\" \/>\n<meta property=\"og:type\" content=\"article\" \/>\n<meta property=\"og:title\" content=\"Blog - Kristina Yakovleva\" \/>\n<meta property=\"og:description\" content=\"[vc_row][vc_column][\/vc_column][\/vc_row]\" \/>\n<meta property=\"og:url\" content=\"http:\/\/ky-translations.de\/en\/blog\/\" \/>\n<meta property=\"og:site_name\" content=\"Kristina Yakovleva\" \/>\n<meta property=\"article:publisher\" content=\"https:\/\/www.facebook.com\/kristina.yakovleva.5\" \/>\n<meta property=\"article:modified_time\" content=\"2018-01-16T19:50:29+00:00\" \/>\n<meta name=\"twitter:card\" content=\"summary_large_image\" \/>\n<script type=\"application\/ld+json\" class=\"yoast-schema-graph\">{\"@context\":\"https:\/\/schema.org\",\"@graph\":[{\"@type\":\"WebPage\",\"@id\":\"http:\/\/ky-translations.de\/en\/blog\/\",\"url\":\"http:\/\/ky-translations.de\/en\/blog\/\",\"name\":\"Blog - Kristina Yakovleva\",\"isPartOf\":{\"@id\":\"http:\/\/ky-translations.de\/#website\"},\"datePublished\":\"2017-09-02T16:00:56+00:00\",\"dateModified\":\"2018-01-16T19:50:29+00:00\",\"breadcrumb\":{\"@id\":\"http:\/\/ky-translations.de\/en\/blog\/#breadcrumb\"},\"inLanguage\":\"en-US\",\"potentialAction\":[{\"@type\":\"ReadAction\",\"target\":[\"http:\/\/ky-translations.de\/en\/blog\/\"]}]},{\"@type\":\"BreadcrumbList\",\"@id\":\"http:\/\/ky-translations.de\/en\/blog\/#breadcrumb\",\"itemListElement\":[{\"@type\":\"ListItem\",\"position\":1,\"name\":\"Startseite\",\"item\":\"http:\/\/ky-translations.de\/\"},{\"@type\":\"ListItem\",\"position\":2,\"name\":\"Blog\"}]},{\"@type\":\"WebSite\",\"@id\":\"http:\/\/ky-translations.de\/#website\",\"url\":\"http:\/\/ky-translations.de\/\",\"name\":\"Kristina Yakovleva\",\"description\":\"Certified translator and interpreter for German \u2022 English \u2022 Russian\",\"potentialAction\":[{\"@type\":\"SearchAction\",\"target\":{\"@type\":\"EntryPoint\",\"urlTemplate\":\"http:\/\/ky-translations.de\/?s={search_term_string}\"},\"query-input\":\"required name=search_term_string\"}],\"inLanguage\":\"en-US\"}]}<\/script>\n<!-- \/ Yoast SEO plugin. -->","yoast_head_json":{"title":"Blog - Kristina Yakovleva","robots":{"index":"index","follow":"follow","max-snippet":"max-snippet:-1","max-image-preview":"max-image-preview:large","max-video-preview":"max-video-preview:-1"},"canonical":"http:\/\/ky-translations.de\/en\/blog\/","og_locale":"en_US","og_type":"article","og_title":"Blog - Kristina Yakovleva","og_description":"[vc_row][vc_column][\/vc_column][\/vc_row]","og_url":"http:\/\/ky-translations.de\/en\/blog\/","og_site_name":"Kristina Yakovleva","article_publisher":"https:\/\/www.facebook.com\/kristina.yakovleva.5","article_modified_time":"2018-01-16T19:50:29+00:00","twitter_card":"summary_large_image","schema":{"@context":"https:\/\/schema.org","@graph":[{"@type":"WebPage","@id":"http:\/\/ky-translations.de\/en\/blog\/","url":"http:\/\/ky-translations.de\/en\/blog\/","name":"Blog - Kristina Yakovleva","isPartOf":{"@id":"http:\/\/ky-translations.de\/#website"},"datePublished":"2017-09-02T16:00:56+00:00","dateModified":"2018-01-16T19:50:29+00:00","breadcrumb":{"@id":"http:\/\/ky-translations.de\/en\/blog\/#breadcrumb"},"inLanguage":"en-US","potentialAction":[{"@type":"ReadAction","target":["http:\/\/ky-translations.de\/en\/blog\/"]}]},{"@type":"BreadcrumbList","@id":"http:\/\/ky-translations.de\/en\/blog\/#breadcrumb","itemListElement":[{"@type":"ListItem","position":1,"name":"Startseite","item":"http:\/\/ky-translations.de\/"},{"@type":"ListItem","position":2,"name":"Blog"}]},{"@type":"WebSite","@id":"http:\/\/ky-translations.de\/#website","url":"http:\/\/ky-translations.de\/","name":"Kristina Yakovleva","description":"Certified translator and interpreter for German \u2022 English \u2022 Russian","potentialAction":[{"@type":"SearchAction","target":{"@type":"EntryPoint","urlTemplate":"http:\/\/ky-translations.de\/?s={search_term_string}"},"query-input":"required name=search_term_string"}],"inLanguage":"en-US"}]}},"_links":{"self":[{"href":"https:\/\/ky-translations.de\/en\/wp-json\/wp\/v2\/pages\/7431"}],"collection":[{"href":"https:\/\/ky-translations.de\/en\/wp-json\/wp\/v2\/pages"}],"about":[{"href":"https:\/\/ky-translations.de\/en\/wp-json\/wp\/v2\/types\/page"}],"author":[{"embeddable":true,"href":"https:\/\/ky-translations.de\/en\/wp-json\/wp\/v2\/users\/1"}],"replies":[{"embeddable":true,"href":"https:\/\/ky-translations.de\/en\/wp-json\/wp\/v2\/comments?post=7431"}],"version-history":[{"count":2,"href":"https:\/\/ky-translations.de\/en\/wp-json\/wp\/v2\/pages\/7431\/revisions"}],"predecessor-version":[{"id":8193,"href":"https:\/\/ky-translations.de\/en\/wp-json\/wp\/v2\/pages\/7431\/revisions\/8193"}],"wp:attachment":[{"href":"https:\/\/ky-translations.de\/en\/wp-json\/wp\/v2\/media?parent=7431"}],"curies":[{"name":"wp","href":"https:\/\/api.w.org\/{rel}","templated":true}]}}